{"id":13,"date":"2025-03-17T11:31:21","date_gmt":"2025-03-17T11:31:21","guid":{"rendered":"https:\/\/barsakan.rkinformatika.online\/?page_id=13"},"modified":"2025-03-27T09:58:31","modified_gmt":"2025-03-27T09:58:31","slug":"inicio","status":"publish","type":"page","link":"https:\/\/barsakan.com\/en\/","title":{"rendered":"Home"},"content":{"rendered":"<div data-elementor-type=\"wp-page\" data-elementor-id=\"13\" class=\"elementor elementor-13\" data-elementor-post-type=\"page\">\n\t\t\t\t<div class=\"elementor-element elementor-element-70bea88 e-flex e-con-boxed e-con e-parent\" data-id=\"70bea88\" data-element_type=\"container\" data-e-type=\"container\" data-settings=\"{&quot;background_background&quot;:&quot;classic&quot;}\">\n\t\t\t\t\t<div class=\"e-con-inner\">\n\t\t\t\t\t<\/div>\n\t\t\t\t<\/div>\n\t\t<div class=\"elementor-element elementor-element-63a821a e-flex e-con-boxed e-con e-parent\" data-id=\"63a821a\" data-element_type=\"container\" data-e-type=\"container\">\n\t\t\t\t\t<div class=\"e-con-inner\">\n\t\t\t\t<div class=\"elementor-element elementor-element-3362ed2 elementor-widget elementor-widget-heading\" data-id=\"3362ed2\" data-element_type=\"widget\" data-e-type=\"widget\" data-widget_type=\"heading.default\">\n\t\t\t\t<div class=\"elementor-widget-container\">\n\t\t\t\t\t<h2 class=\"elementor-heading-title elementor-size-default\">About us<\/h2>\t\t\t\t<\/div>\n\t\t\t\t<\/div>\n\t\t\t\t\t<\/div>\n\t\t\t\t<\/div>\n\t\t<div class=\"elementor-element elementor-element-a0b9f84 e-flex e-con-boxed e-con e-parent\" data-id=\"a0b9f84\" data-element_type=\"container\" data-e-type=\"container\">\n\t\t\t\t\t<div class=\"e-con-inner\">\n\t\t<div class=\"elementor-element elementor-element-6d2f87a e-con-full e-flex e-con e-child\" data-id=\"6d2f87a\" data-element_type=\"container\" data-e-type=\"container\">\n\t\t\t\t<div class=\"elementor-element elementor-element-1622169 elementor-widget elementor-widget-image\" data-id=\"1622169\" data-element_type=\"widget\" data-e-type=\"widget\" data-widget_type=\"image.default\">\n\t\t\t\t<div class=\"elementor-widget-container\">\n\t\t\t\t\t\t\t\t\t\t\t\t\t\t\t<img fetchpriority=\"high\" decoding=\"async\" width=\"1000\" height=\"1500\" src=\"https:\/\/barsakan.com\/wp-content\/uploads\/2025\/03\/tortilla.jpg\" class=\"attachment-full size-full wp-image-71\" alt=\"\" srcset=\"https:\/\/barsakan.com\/wp-content\/uploads\/2025\/03\/tortilla.jpg 1000w, https:\/\/barsakan.com\/wp-content\/uploads\/2025\/03\/tortilla-200x300.jpg 200w, https:\/\/barsakan.com\/wp-content\/uploads\/2025\/03\/tortilla-683x1024.jpg 683w, https:\/\/barsakan.com\/wp-content\/uploads\/2025\/03\/tortilla-768x1152.jpg 768w, https:\/\/barsakan.com\/wp-content\/uploads\/2025\/03\/tortilla-8x12.jpg 8w\" sizes=\"(max-width: 1000px) 100vw, 1000px\" \/>\t\t\t\t\t\t\t\t\t\t\t\t\t\t\t<\/div>\n\t\t\t\t<\/div>\n\t\t\t\t<\/div>\n\t\t<div class=\"elementor-element elementor-element-eb3ef82 e-con-full e-flex e-con e-child\" data-id=\"eb3ef82\" data-element_type=\"container\" data-e-type=\"container\" data-settings=\"{&quot;background_background&quot;:&quot;classic&quot;}\">\n\t\t\t\t<div class=\"elementor-element elementor-element-692f67e elementor-widget elementor-widget-heading\" data-id=\"692f67e\" data-element_type=\"widget\" data-e-type=\"widget\" data-widget_type=\"heading.default\">\n\t\t\t\t<div class=\"elementor-widget-container\">\n\t\t\t\t\t<h2 class=\"elementor-heading-title elementor-size-default\">Welcome to Bar Cafeteria Sakan<\/h2>\t\t\t\t<\/div>\n\t\t\t\t<\/div>\n\t\t\t\t<div class=\"elementor-element elementor-element-3775c26 elementor-widget elementor-widget-text-editor\" data-id=\"3775c26\" data-element_type=\"widget\" data-e-type=\"widget\" data-widget_type=\"text-editor.default\">\n\t\t\t\t<div class=\"elementor-widget-container\">\n\t\t\t\t\t\t\t\t\t<p>With more than 60 years of experience, at Sakan we take pride in offering personalized service that makes every customer feel at home. Located in the heart of Cartagena, at Avda. Alameda de San Ant\u00f3n number 5, we are a benchmark for enjoying the best breakfasts, snacks, and refreshing drinks.<\/p><p>Our philosophy is simple: to ensure every customer leaves satisfied. Whether you visit us to start your day with a full breakfast, enjoy a snack with good company, or refresh yourself with our drinks, at Sakan you\u2019ll find a welcoming atmosphere, friendly service, and flavors that will make you want to come back.<\/p>\t\t\t\t\t\t\t\t<\/div>\n\t\t\t\t<\/div>\n\t\t\t\t<div class=\"elementor-element elementor-element-d7bac45 elementor-widget elementor-widget-heading\" data-id=\"d7bac45\" data-element_type=\"widget\" data-e-type=\"widget\" data-widget_type=\"heading.default\">\n\t\t\t\t<div class=\"elementor-widget-container\">\n\t\t\t\t\t<h2 class=\"elementor-heading-title elementor-size-default\">Why choose us?<\/h2>\t\t\t\t<\/div>\n\t\t\t\t<\/div>\n\t\t\t\t<div class=\"elementor-element elementor-element-6ca0009 elementor-align-start elementor-icon-list--layout-traditional elementor-list-item-link-full_width elementor-widget elementor-widget-icon-list\" data-id=\"6ca0009\" data-element_type=\"widget\" data-e-type=\"widget\" data-widget_type=\"icon-list.default\">\n\t\t\t\t<div class=\"elementor-widget-container\">\n\t\t\t\t\t\t\t<ul class=\"elementor-icon-list-items\">\n\t\t\t\t\t\t\t<li class=\"elementor-icon-list-item\">\n\t\t\t\t\t\t\t\t\t\t\t<span class=\"elementor-icon-list-icon\">\n\t\t\t\t\t\t\t<svg aria-hidden=\"true\" class=\"e-font-icon-svg e-fas-glass-martini-alt\" viewbox=\"0 0 512 512\" xmlns=\"http:\/\/www.w3.org\/2000\/svg\"><path d=\"M502.05 57.6C523.3 36.34 508.25 0 478.2 0H33.8C3.75 0-11.3 36.34 9.95 57.6L224 271.64V464h-56c-22.09 0-40 17.91-40 40 0 4.42 3.58 8 8 8h240c4.42 0 8-3.58 8-8 0-22.09-17.91-40-40-40h-56V271.64L502.05 57.6zM443.77 48l-48 48H116.24l-48-48h375.53z\"><\/path><\/svg>\t\t\t\t\t\t<\/span>\n\t\t\t\t\t\t\t\t\t\t<span class=\"elementor-icon-list-text\">More than six decades of tradition and excellent service.<\/span>\n\t\t\t\t\t\t\t\t\t<\/li>\n\t\t\t\t\t\t\t\t<li class=\"elementor-icon-list-item\">\n\t\t\t\t\t\t\t\t\t\t\t<span class=\"elementor-icon-list-icon\">\n\t\t\t\t\t\t\t<svg aria-hidden=\"true\" class=\"e-font-icon-svg e-fas-glass-martini-alt\" viewbox=\"0 0 512 512\" xmlns=\"http:\/\/www.w3.org\/2000\/svg\"><path d=\"M502.05 57.6C523.3 36.34 508.25 0 478.2 0H33.8C3.75 0-11.3 36.34 9.95 57.6L224 271.64V464h-56c-22.09 0-40 17.91-40 40 0 4.42 3.58 8 8 8h240c4.42 0 8-3.58 8-8 0-22.09-17.91-40-40-40h-56V271.64L502.05 57.6zM443.77 48l-48 48H116.24l-48-48h375.53z\"><\/path><\/svg>\t\t\t\t\t\t<\/span>\n\t\t\t\t\t\t\t\t\t\t<span class=\"elementor-icon-list-text\">Fresh, high-quality products, prepared with care.<\/span>\n\t\t\t\t\t\t\t\t\t<\/li>\n\t\t\t\t\t\t\t\t<li class=\"elementor-icon-list-item\">\n\t\t\t\t\t\t\t\t\t\t\t<span class=\"elementor-icon-list-icon\">\n\t\t\t\t\t\t\t<svg aria-hidden=\"true\" class=\"e-font-icon-svg e-fas-glass-martini-alt\" viewbox=\"0 0 512 512\" xmlns=\"http:\/\/www.w3.org\/2000\/svg\"><path d=\"M502.05 57.6C523.3 36.34 508.25 0 478.2 0H33.8C3.75 0-11.3 36.34 9.95 57.6L224 271.64V464h-56c-22.09 0-40 17.91-40 40 0 4.42 3.58 8 8 8h240c4.42 0 8-3.58 8-8 0-22.09-17.91-40-40-40h-56V271.64L502.05 57.6zM443.77 48l-48 48H116.24l-48-48h375.53z\"><\/path><\/svg>\t\t\t\t\t\t<\/span>\n\t\t\t\t\t\t\t\t\t\t<span class=\"elementor-icon-list-text\">A team that serves you with kindness and friendliness.<\/span>\n\t\t\t\t\t\t\t\t\t<\/li>\n\t\t\t\t\t\t<\/ul>\n\t\t\t\t\t\t<\/div>\n\t\t\t\t<\/div>\n\t\t\t\t<div class=\"elementor-element elementor-element-1c6d484 elementor-widget elementor-widget-text-editor\" data-id=\"1c6d484\" data-element_type=\"widget\" data-e-type=\"widget\" data-widget_type=\"text-editor.default\">\n\t\t\t\t<div class=\"elementor-widget-container\">\n\t\t\t\t\t\t\t\t\t<p>\u00a0<\/p><p>In <strong>Bar Cafeter\u00eda Sakan<\/strong>We don't just serve food and drinks, but also unforgettable moments. Come and discover why our customers say that here. <strong>The breakfast and lunch are better than at home.<\/strong>!<\/p>\t\t\t\t\t\t\t\t<\/div>\n\t\t\t\t<\/div>\n\t\t\t\t<\/div>\n\t\t\t\t\t<\/div>\n\t\t\t\t<\/div>\n\t\t\t\t<\/div>","protected":false},"excerpt":{"rendered":"<p>Sobre nosotros Bienvenidos a Bar Cafeter\u00eda Sakan Con m\u00e1s de 60 a\u00f1os de experiencia, en Sakan nos enorgullece ofrecer un servicio personalizado que hace que cada cliente se sienta como en casa. Ubicados en el coraz\u00f3n de Cartagena, en la Avda. Alameda de San Ant\u00f3n n\u00famero 5, somos un referente para disfrutar de los mejores [&hellip;]<\/p>\n","protected":false},"author":1,"featured_media":0,"parent":0,"menu_order":0,"comment_status":"closed","ping_status":"closed","template":"elementor_canvas","meta":{"footnotes":""},"class_list":["post-13","page","type-page","status-publish","hentry"],"yoast_head":"<!-- This site is optimized with the Yoast SEO plugin v27.3 - https:\/\/yoast.com\/product\/yoast-seo-wordpress\/ -->\n<title>Inicio - Bar cafeteria Sakan<\/title>\n<meta name=\"robots\" content=\"index, follow, max-snippet:-1, max-image-preview:large, max-video-preview:-1\" \/>\n<link rel=\"canonical\" href=\"https:\/\/barsakan.com\/en\/\" \/>\n<meta property=\"og:locale\" content=\"en_US\" \/>\n<meta property=\"og:type\" content=\"article\" \/>\n<meta property=\"og:title\" content=\"Inicio - Bar cafeteria Sakan\" \/>\n<meta property=\"og:description\" content=\"Sobre nosotros Bienvenidos a Bar Cafeter\u00eda Sakan Con m\u00e1s de 60 a\u00f1os de experiencia, en Sakan nos enorgullece ofrecer un servicio personalizado que hace que cada cliente se sienta como en casa. Ubicados en el coraz\u00f3n de Cartagena, en la Avda. Alameda de San Ant\u00f3n n\u00famero 5, somos un referente para disfrutar de los mejores [&hellip;]\" \/>\n<meta property=\"og:url\" content=\"https:\/\/barsakan.com\/en\/\" \/>\n<meta property=\"og:site_name\" content=\"Bar cafeteria Sakan\" \/>\n<meta property=\"article:modified_time\" content=\"2025-03-27T09:58:31+00:00\" \/>\n<meta property=\"og:image\" content=\"https:\/\/barsakan.com\/wp-content\/uploads\/2025\/03\/tortilla.jpg\" \/>\n\t<meta property=\"og:image:width\" content=\"1000\" \/>\n\t<meta property=\"og:image:height\" content=\"1500\" \/>\n\t<meta property=\"og:image:type\" content=\"image\/jpeg\" \/>\n<meta name=\"twitter:card\" content=\"summary_large_image\" \/>\n<meta name=\"twitter:label1\" content=\"Est. reading time\" \/>\n\t<meta name=\"twitter:data1\" content=\"1 minute\" \/>\n<script type=\"application\/ld+json\" class=\"yoast-schema-graph\">{\"@context\":\"https:\\\/\\\/schema.org\",\"@graph\":[{\"@type\":\"WebPage\",\"@id\":\"https:\\\/\\\/barsakan.com\\\/\",\"url\":\"https:\\\/\\\/barsakan.com\\\/\",\"name\":\"Inicio - Bar cafeteria Sakan\",\"isPartOf\":{\"@id\":\"https:\\\/\\\/barsakan.com\\\/#website\"},\"primaryImageOfPage\":{\"@id\":\"https:\\\/\\\/barsakan.com\\\/#primaryimage\"},\"image\":{\"@id\":\"https:\\\/\\\/barsakan.com\\\/#primaryimage\"},\"thumbnailUrl\":\"https:\\\/\\\/barsakan.com\\\/wp-content\\\/uploads\\\/2025\\\/03\\\/tortilla.jpg\",\"datePublished\":\"2025-03-17T11:31:21+00:00\",\"dateModified\":\"2025-03-27T09:58:31+00:00\",\"breadcrumb\":{\"@id\":\"https:\\\/\\\/barsakan.com\\\/#breadcrumb\"},\"inLanguage\":\"en-US\",\"potentialAction\":[{\"@type\":\"ReadAction\",\"target\":[\"https:\\\/\\\/barsakan.com\\\/\"]}]},{\"@type\":\"ImageObject\",\"inLanguage\":\"en-US\",\"@id\":\"https:\\\/\\\/barsakan.com\\\/#primaryimage\",\"url\":\"https:\\\/\\\/barsakan.com\\\/wp-content\\\/uploads\\\/2025\\\/03\\\/tortilla.jpg\",\"contentUrl\":\"https:\\\/\\\/barsakan.com\\\/wp-content\\\/uploads\\\/2025\\\/03\\\/tortilla.jpg\"},{\"@type\":\"BreadcrumbList\",\"@id\":\"https:\\\/\\\/barsakan.com\\\/#breadcrumb\",\"itemListElement\":[{\"@type\":\"ListItem\",\"position\":1,\"name\":\"Portada\",\"item\":\"https:\\\/\\\/barsakan.com\\\/\"},{\"@type\":\"ListItem\",\"position\":2,\"name\":\"Inicio\"}]},{\"@type\":\"WebSite\",\"@id\":\"https:\\\/\\\/barsakan.com\\\/#website\",\"url\":\"https:\\\/\\\/barsakan.com\\\/\",\"name\":\"Bar cafeteria Sakan\",\"description\":\"\",\"potentialAction\":[{\"@type\":\"SearchAction\",\"target\":{\"@type\":\"EntryPoint\",\"urlTemplate\":\"https:\\\/\\\/barsakan.com\\\/?s={search_term_string}\"},\"query-input\":{\"@type\":\"PropertyValueSpecification\",\"valueRequired\":true,\"valueName\":\"search_term_string\"}}],\"inLanguage\":\"en-US\"}]}<\/script>\n<!-- \/ Yoast SEO plugin. -->","yoast_head_json":{"title":"Inicio - Bar cafeteria Sakan","robots":{"index":"index","follow":"follow","max-snippet":"max-snippet:-1","max-image-preview":"max-image-preview:large","max-video-preview":"max-video-preview:-1"},"canonical":"https:\/\/barsakan.com\/en\/","og_locale":"en_US","og_type":"article","og_title":"Inicio - Bar cafeteria Sakan","og_description":"Sobre nosotros Bienvenidos a Bar Cafeter\u00eda Sakan Con m\u00e1s de 60 a\u00f1os de experiencia, en Sakan nos enorgullece ofrecer un servicio personalizado que hace que cada cliente se sienta como en casa. Ubicados en el coraz\u00f3n de Cartagena, en la Avda. Alameda de San Ant\u00f3n n\u00famero 5, somos un referente para disfrutar de los mejores [&hellip;]","og_url":"https:\/\/barsakan.com\/en\/","og_site_name":"Bar cafeteria Sakan","article_modified_time":"2025-03-27T09:58:31+00:00","og_image":[{"width":1000,"height":1500,"url":"https:\/\/barsakan.com\/wp-content\/uploads\/2025\/03\/tortilla.jpg","type":"image\/jpeg"}],"twitter_card":"summary_large_image","twitter_misc":{"Est. reading time":"1 minute"},"schema":{"@context":"https:\/\/schema.org","@graph":[{"@type":"WebPage","@id":"https:\/\/barsakan.com\/","url":"https:\/\/barsakan.com\/","name":"Inicio - Bar cafeteria Sakan","isPartOf":{"@id":"https:\/\/barsakan.com\/#website"},"primaryImageOfPage":{"@id":"https:\/\/barsakan.com\/#primaryimage"},"image":{"@id":"https:\/\/barsakan.com\/#primaryimage"},"thumbnailUrl":"https:\/\/barsakan.com\/wp-content\/uploads\/2025\/03\/tortilla.jpg","datePublished":"2025-03-17T11:31:21+00:00","dateModified":"2025-03-27T09:58:31+00:00","breadcrumb":{"@id":"https:\/\/barsakan.com\/#breadcrumb"},"inLanguage":"en-US","potentialAction":[{"@type":"ReadAction","target":["https:\/\/barsakan.com\/"]}]},{"@type":"ImageObject","inLanguage":"en-US","@id":"https:\/\/barsakan.com\/#primaryimage","url":"https:\/\/barsakan.com\/wp-content\/uploads\/2025\/03\/tortilla.jpg","contentUrl":"https:\/\/barsakan.com\/wp-content\/uploads\/2025\/03\/tortilla.jpg"},{"@type":"BreadcrumbList","@id":"https:\/\/barsakan.com\/#breadcrumb","itemListElement":[{"@type":"ListItem","position":1,"name":"Portada","item":"https:\/\/barsakan.com\/"},{"@type":"ListItem","position":2,"name":"Inicio"}]},{"@type":"WebSite","@id":"https:\/\/barsakan.com\/#website","url":"https:\/\/barsakan.com\/","name":"Bar cafeteria Sakan","description":"","potentialAction":[{"@type":"SearchAction","target":{"@type":"EntryPoint","urlTemplate":"https:\/\/barsakan.com\/?s={search_term_string}"},"query-input":{"@type":"PropertyValueSpecification","valueRequired":true,"valueName":"search_term_string"}}],"inLanguage":"en-US"}]}},"_links":{"self":[{"href":"https:\/\/barsakan.com\/en\/wp-json\/wp\/v2\/pages\/13","targetHints":{"allow":["GET"]}}],"collection":[{"href":"https:\/\/barsakan.com\/en\/wp-json\/wp\/v2\/pages"}],"about":[{"href":"https:\/\/barsakan.com\/en\/wp-json\/wp\/v2\/types\/page"}],"author":[{"embeddable":true,"href":"https:\/\/barsakan.com\/en\/wp-json\/wp\/v2\/users\/1"}],"replies":[{"embeddable":true,"href":"https:\/\/barsakan.com\/en\/wp-json\/wp\/v2\/comments?post=13"}],"version-history":[{"count":59,"href":"https:\/\/barsakan.com\/en\/wp-json\/wp\/v2\/pages\/13\/revisions"}],"predecessor-version":[{"id":290,"href":"https:\/\/barsakan.com\/en\/wp-json\/wp\/v2\/pages\/13\/revisions\/290"}],"wp:attachment":[{"href":"https:\/\/barsakan.com\/en\/wp-json\/wp\/v2\/media?parent=13"}],"curies":[{"name":"wp","href":"https:\/\/api.w.org\/{rel}","templated":true}]}}