{"id":17,"date":"2025-03-17T11:32:46","date_gmt":"2025-03-17T11:32:46","guid":{"rendered":"https:\/\/barsakan.rkinformatika.online\/?page_id=17"},"modified":"2025-03-17T16:06:17","modified_gmt":"2025-03-17T16:06:17","slug":"servicios","status":"publish","type":"page","link":"https:\/\/barsakan.com\/en\/servicios\/","title":{"rendered":"Services"},"content":{"rendered":"<div data-elementor-type=\"wp-page\" data-elementor-id=\"17\" class=\"elementor elementor-17\" data-elementor-post-type=\"page\">\n\t\t\t\t<div class=\"elementor-element elementor-element-217b3b1 e-flex e-con-boxed e-con e-parent\" data-id=\"217b3b1\" data-element_type=\"container\" data-e-type=\"container\" data-settings=\"{&quot;background_background&quot;:&quot;classic&quot;}\">\n\t\t\t\t\t<div class=\"e-con-inner\">\n\t\t\t\t\t<\/div>\n\t\t\t\t<\/div>\n\t\t<div class=\"elementor-element elementor-element-8aecfe8 e-flex e-con-boxed e-con e-parent\" data-id=\"8aecfe8\" data-element_type=\"container\" data-e-type=\"container\">\n\t\t\t\t\t<div class=\"e-con-inner\">\n\t\t\t\t<div class=\"elementor-element elementor-element-60c462a elementor-widget elementor-widget-heading\" data-id=\"60c462a\" data-element_type=\"widget\" data-e-type=\"widget\" data-widget_type=\"heading.default\">\n\t\t\t\t<div class=\"elementor-widget-container\">\n\t\t\t\t\t<h2 class=\"elementor-heading-title elementor-size-default\">Nuestros servicios<\/h2>\t\t\t\t<\/div>\n\t\t\t\t<\/div>\n\t\t\t\t\t<\/div>\n\t\t\t\t<\/div>\n\t\t<div class=\"elementor-element elementor-element-3fb8269 e-flex e-con-boxed e-con e-parent\" data-id=\"3fb8269\" data-element_type=\"container\" data-e-type=\"container\">\n\t\t\t\t\t<div class=\"e-con-inner\">\n\t\t<div class=\"elementor-element elementor-element-2ce2c21 e-con-full e-flex e-con e-child\" data-id=\"2ce2c21\" data-element_type=\"container\" data-e-type=\"container\">\n\t\t\t\t<div class=\"elementor-element elementor-element-d7b3e7e elementor-widget elementor-widget-image\" data-id=\"d7b3e7e\" data-element_type=\"widget\" data-e-type=\"widget\" data-widget_type=\"image.default\">\n\t\t\t\t<div class=\"elementor-widget-container\">\n\t\t\t\t\t\t\t\t\t\t\t\t\t\t\t<img fetchpriority=\"high\" decoding=\"async\" width=\"1500\" height=\"920\" src=\"https:\/\/barsakan.com\/wp-content\/uploads\/2025\/03\/croissants.jpg\" class=\"attachment-full size-full wp-image-112\" alt=\"\" srcset=\"https:\/\/barsakan.com\/wp-content\/uploads\/2025\/03\/croissants.jpg 1500w, https:\/\/barsakan.com\/wp-content\/uploads\/2025\/03\/croissants-300x184.jpg 300w, https:\/\/barsakan.com\/wp-content\/uploads\/2025\/03\/croissants-1024x628.jpg 1024w, https:\/\/barsakan.com\/wp-content\/uploads\/2025\/03\/croissants-768x471.jpg 768w, https:\/\/barsakan.com\/wp-content\/uploads\/2025\/03\/croissants-18x12.jpg 18w\" sizes=\"(max-width: 1500px) 100vw, 1500px\" \/>\t\t\t\t\t\t\t\t\t\t\t\t\t\t\t<\/div>\n\t\t\t\t<\/div>\n\t\t\t\t<\/div>\n\t\t<div class=\"elementor-element elementor-element-28de253 e-con-full e-flex e-con e-child\" data-id=\"28de253\" data-element_type=\"container\" data-e-type=\"container\">\n\t\t\t\t<div class=\"elementor-element elementor-element-b9f66dc elementor-widget elementor-widget-text-editor\" data-id=\"b9f66dc\" data-element_type=\"widget\" data-e-type=\"widget\" data-widget_type=\"text-editor.default\">\n\t\t\t\t<div class=\"elementor-widget-container\">\n\t\t\t\t\t\t\t\t\t<p><span style=\"color: #187948;\"><strong>Desayunos Tradicionales<\/strong>: <\/span>Comienza tu d\u00eda con energ\u00eda con nuestros desayunos completos, que incluyen caf\u00e9 reci\u00e9n hecho, tostadas, zumos naturales y opciones dulces o saladas.<\/p>\t\t\t\t\t\t\t\t<\/div>\n\t\t\t\t<\/div>\n\t\t\t\t<\/div>\n\t\t\t\t\t<\/div>\n\t\t\t\t<\/div>\n\t\t<div class=\"elementor-element elementor-element-bcac075 e-flex e-con-boxed e-con e-parent\" data-id=\"bcac075\" data-element_type=\"container\" data-e-type=\"container\">\n\t\t\t\t\t<div class=\"e-con-inner\">\n\t\t<div class=\"elementor-element elementor-element-20fd9bc e-con-full e-flex e-con e-child\" data-id=\"20fd9bc\" data-element_type=\"container\" data-e-type=\"container\">\n\t\t\t\t<div class=\"elementor-element elementor-element-4903408 elementor-widget elementor-widget-text-editor\" data-id=\"4903408\" data-element_type=\"widget\" data-e-type=\"widget\" data-widget_type=\"text-editor.default\">\n\t\t\t\t<div class=\"elementor-widget-container\">\n\t\t\t\t\t\t\t\t\t<p><span style=\"color: #187948;\"><strong>Aperitivos y tapas<\/strong>:\u00a0<\/span>Disfruta de una amplia variedad de aperitivos y tapas, preparados con ingredientes frescos y el toque especial de nuestra casa. Perfectos para compartir en buena compa\u00f1\u00eda.<\/p>\t\t\t\t\t\t\t\t<\/div>\n\t\t\t\t<\/div>\n\t\t\t\t<\/div>\n\t\t<div class=\"elementor-element elementor-element-53d44c2 e-con-full e-flex e-con e-child\" data-id=\"53d44c2\" data-element_type=\"container\" data-e-type=\"container\">\n\t\t\t\t<div class=\"elementor-element elementor-element-e8dce1e elementor-widget elementor-widget-image\" data-id=\"e8dce1e\" data-element_type=\"widget\" data-e-type=\"widget\" data-widget_type=\"image.default\">\n\t\t\t\t<div class=\"elementor-widget-container\">\n\t\t\t\t\t\t\t\t\t\t\t\t\t\t\t<img decoding=\"async\" width=\"1500\" height=\"1000\" src=\"https:\/\/barsakan.com\/wp-content\/uploads\/2025\/03\/tapas.jpg\" class=\"attachment-full size-full wp-image-119\" alt=\"\" srcset=\"https:\/\/barsakan.com\/wp-content\/uploads\/2025\/03\/tapas.jpg 1500w, https:\/\/barsakan.com\/wp-content\/uploads\/2025\/03\/tapas-300x200.jpg 300w, https:\/\/barsakan.com\/wp-content\/uploads\/2025\/03\/tapas-1024x683.jpg 1024w, https:\/\/barsakan.com\/wp-content\/uploads\/2025\/03\/tapas-768x512.jpg 768w, https:\/\/barsakan.com\/wp-content\/uploads\/2025\/03\/tapas-18x12.jpg 18w\" sizes=\"(max-width: 1500px) 100vw, 1500px\" \/>\t\t\t\t\t\t\t\t\t\t\t\t\t\t\t<\/div>\n\t\t\t\t<\/div>\n\t\t\t\t<\/div>\n\t\t\t\t\t<\/div>\n\t\t\t\t<\/div>\n\t\t<div class=\"elementor-element elementor-element-06250e0 e-flex e-con-boxed e-con e-parent\" data-id=\"06250e0\" data-element_type=\"container\" data-e-type=\"container\">\n\t\t\t\t\t<div class=\"e-con-inner\">\n\t\t<div class=\"elementor-element elementor-element-8369a60 e-con-full e-flex e-con e-child\" data-id=\"8369a60\" data-element_type=\"container\" data-e-type=\"container\">\n\t\t\t\t<div class=\"elementor-element elementor-element-7b3b672 elementor-widget elementor-widget-image\" data-id=\"7b3b672\" data-element_type=\"widget\" data-e-type=\"widget\" data-widget_type=\"image.default\">\n\t\t\t\t<div class=\"elementor-widget-container\">\n\t\t\t\t\t\t\t\t\t\t\t\t\t\t\t<img decoding=\"async\" width=\"1500\" height=\"1000\" src=\"https:\/\/barsakan.com\/wp-content\/uploads\/2025\/03\/vermu.jpg\" class=\"attachment-full size-full wp-image-130\" alt=\"\" srcset=\"https:\/\/barsakan.com\/wp-content\/uploads\/2025\/03\/vermu.jpg 1500w, https:\/\/barsakan.com\/wp-content\/uploads\/2025\/03\/vermu-300x200.jpg 300w, https:\/\/barsakan.com\/wp-content\/uploads\/2025\/03\/vermu-1024x683.jpg 1024w, https:\/\/barsakan.com\/wp-content\/uploads\/2025\/03\/vermu-768x512.jpg 768w, https:\/\/barsakan.com\/wp-content\/uploads\/2025\/03\/vermu-18x12.jpg 18w\" sizes=\"(max-width: 1500px) 100vw, 1500px\" \/>\t\t\t\t\t\t\t\t\t\t\t\t\t\t\t<\/div>\n\t\t\t\t<\/div>\n\t\t\t\t<\/div>\n\t\t<div class=\"elementor-element elementor-element-fbf2bea e-con-full e-flex e-con e-child\" data-id=\"fbf2bea\" data-element_type=\"container\" data-e-type=\"container\">\n\t\t\t\t<div class=\"elementor-element elementor-element-f66b4ee elementor-widget elementor-widget-text-editor\" data-id=\"f66b4ee\" data-element_type=\"widget\" data-e-type=\"widget\" data-widget_type=\"text-editor.default\">\n\t\t\t\t<div class=\"elementor-widget-container\">\n\t\t\t\t\t\t\t\t\t<p><span style=\"color: #187948;\"><strong>Bebidas refrescantes<\/strong>:\u00a0<\/span>Desde caf\u00e9s y zumos hasta cervezas y refrescos, tenemos una selecci\u00f3n de bebidas para acompa\u00f1ar tus momentos de relax.<\/p>\t\t\t\t\t\t\t\t<\/div>\n\t\t\t\t<\/div>\n\t\t\t\t<\/div>\n\t\t\t\t\t<\/div>\n\t\t\t\t<\/div>\n\t\t<div class=\"elementor-element elementor-element-ec2aef4 e-flex e-con-boxed e-con e-parent\" data-id=\"ec2aef4\" data-element_type=\"container\" data-e-type=\"container\">\n\t\t\t\t\t<div class=\"e-con-inner\">\n\t\t<div class=\"elementor-element elementor-element-937d990 e-con-full e-flex e-con e-child\" data-id=\"937d990\" data-element_type=\"container\" data-e-type=\"container\">\n\t\t\t\t<div class=\"elementor-element elementor-element-49b7a5d elementor-widget elementor-widget-text-editor\" data-id=\"49b7a5d\" data-element_type=\"widget\" data-e-type=\"widget\" data-widget_type=\"text-editor.default\">\n\t\t\t\t<div class=\"elementor-widget-container\">\n\t\t\t\t\t\t\t\t\t<p><span style=\"color: #187948;\"><strong>Men\u00fa del d\u00eda<\/strong>:\u00a0<\/span>Ofrecemos un men\u00fa diario casero, con platos tradicionales y sabrosos que te har\u00e1n sentir como en casa.<\/p>\t\t\t\t\t\t\t\t<\/div>\n\t\t\t\t<\/div>\n\t\t\t\t<\/div>\n\t\t<div class=\"elementor-element elementor-element-c94d73e e-con-full e-flex e-con e-child\" data-id=\"c94d73e\" data-element_type=\"container\" data-e-type=\"container\">\n\t\t\t\t<div class=\"elementor-element elementor-element-6d61b7d elementor-widget elementor-widget-image\" data-id=\"6d61b7d\" data-element_type=\"widget\" data-e-type=\"widget\" data-widget_type=\"image.default\">\n\t\t\t\t<div class=\"elementor-widget-container\">\n\t\t\t\t\t\t\t\t\t\t\t\t\t\t\t<img loading=\"lazy\" decoding=\"async\" width=\"1500\" height=\"1000\" src=\"https:\/\/barsakan.com\/wp-content\/uploads\/2025\/03\/menudeldia.jpg\" class=\"attachment-full size-full wp-image-135\" alt=\"\" srcset=\"https:\/\/barsakan.com\/wp-content\/uploads\/2025\/03\/menudeldia.jpg 1500w, https:\/\/barsakan.com\/wp-content\/uploads\/2025\/03\/menudeldia-300x200.jpg 300w, https:\/\/barsakan.com\/wp-content\/uploads\/2025\/03\/menudeldia-1024x683.jpg 1024w, https:\/\/barsakan.com\/wp-content\/uploads\/2025\/03\/menudeldia-768x512.jpg 768w, https:\/\/barsakan.com\/wp-content\/uploads\/2025\/03\/menudeldia-18x12.jpg 18w\" sizes=\"(max-width: 1500px) 100vw, 1500px\" \/>\t\t\t\t\t\t\t\t\t\t\t\t\t\t\t<\/div>\n\t\t\t\t<\/div>\n\t\t\t\t<\/div>\n\t\t\t\t\t<\/div>\n\t\t\t\t<\/div>\n\t\t<div class=\"elementor-element elementor-element-becb5c2 e-flex e-con-boxed e-con e-parent\" data-id=\"becb5c2\" data-element_type=\"container\" data-e-type=\"container\">\n\t\t\t\t\t<div class=\"e-con-inner\">\n\t\t<div class=\"elementor-element elementor-element-9fa2e09 e-con-full e-flex e-con e-child\" data-id=\"9fa2e09\" data-element_type=\"container\" data-e-type=\"container\">\n\t\t\t\t<div class=\"elementor-element elementor-element-0c523ae elementor-widget elementor-widget-image\" data-id=\"0c523ae\" data-element_type=\"widget\" data-e-type=\"widget\" data-widget_type=\"image.default\">\n\t\t\t\t<div class=\"elementor-widget-container\">\n\t\t\t\t\t\t\t\t\t\t\t\t\t\t\t<img loading=\"lazy\" decoding=\"async\" width=\"1500\" height=\"1000\" src=\"https:\/\/barsakan.com\/wp-content\/uploads\/2025\/03\/raciones.jpg\" class=\"attachment-full size-full wp-image-140\" alt=\"\" srcset=\"https:\/\/barsakan.com\/wp-content\/uploads\/2025\/03\/raciones.jpg 1500w, https:\/\/barsakan.com\/wp-content\/uploads\/2025\/03\/raciones-300x200.jpg 300w, https:\/\/barsakan.com\/wp-content\/uploads\/2025\/03\/raciones-1024x683.jpg 1024w, https:\/\/barsakan.com\/wp-content\/uploads\/2025\/03\/raciones-768x512.jpg 768w, https:\/\/barsakan.com\/wp-content\/uploads\/2025\/03\/raciones-18x12.jpg 18w\" sizes=\"(max-width: 1500px) 100vw, 1500px\" \/>\t\t\t\t\t\t\t\t\t\t\t\t\t\t\t<\/div>\n\t\t\t\t<\/div>\n\t\t\t\t<\/div>\n\t\t<div class=\"elementor-element elementor-element-c7e7ed6 e-con-full e-flex e-con e-child\" data-id=\"c7e7ed6\" data-element_type=\"container\" data-e-type=\"container\">\n\t\t\t\t<div class=\"elementor-element elementor-element-c4fd063 elementor-widget elementor-widget-text-editor\" data-id=\"c4fd063\" data-element_type=\"widget\" data-e-type=\"widget\" data-widget_type=\"text-editor.default\">\n\t\t\t\t<div class=\"elementor-widget-container\">\n\t\t\t\t\t\t\t\t\t<p><span style=\"color: #187948;\"><strong>Picoteo y raciones<\/strong>:\u00a0<\/span>Ideal para grupos, nuestras raciones de embutidos, quesos, patatas bravas y otros cl\u00e1sicos son perfectas para disfrutar en cualquier momento del d\u00eda.<\/p>\t\t\t\t\t\t\t\t<\/div>\n\t\t\t\t<\/div>\n\t\t\t\t<\/div>\n\t\t\t\t\t<\/div>\n\t\t\t\t<\/div>\n\t\t<div class=\"elementor-element elementor-element-44d37cb e-flex e-con-boxed e-con e-parent\" data-id=\"44d37cb\" data-element_type=\"container\" data-e-type=\"container\">\n\t\t\t\t\t<div class=\"e-con-inner\">\n\t\t<div class=\"elementor-element elementor-element-76652e5 e-con-full e-flex e-con e-child\" data-id=\"76652e5\" data-element_type=\"container\" data-e-type=\"container\">\n\t\t\t\t<div class=\"elementor-element elementor-element-f95e691 elementor-widget elementor-widget-text-editor\" data-id=\"f95e691\" data-element_type=\"widget\" data-e-type=\"widget\" data-widget_type=\"text-editor.default\">\n\t\t\t\t<div class=\"elementor-widget-container\">\n\t\t\t\t\t\t\t\t\t<p><strong><span style=\"color: #187948;\">Servicio de cafeter\u00eda:\u00a0<\/span><\/strong>Disfruta de nuestro caf\u00e9 de alta calidad, acompa\u00f1ado de pasteles, bollos o dulces caseros, en un ambiente acogedor y familiar.<\/p>\t\t\t\t\t\t\t\t<\/div>\n\t\t\t\t<\/div>\n\t\t\t\t<\/div>\n\t\t<div class=\"elementor-element elementor-element-6c9a50e e-con-full e-flex e-con e-child\" data-id=\"6c9a50e\" data-element_type=\"container\" data-e-type=\"container\">\n\t\t\t\t<div class=\"elementor-element elementor-element-f09abd8 elementor-widget elementor-widget-image\" data-id=\"f09abd8\" data-element_type=\"widget\" data-e-type=\"widget\" data-widget_type=\"image.default\">\n\t\t\t\t<div class=\"elementor-widget-container\">\n\t\t\t\t\t\t\t\t\t\t\t\t\t\t\t<img loading=\"lazy\" decoding=\"async\" width=\"1500\" height=\"1001\" src=\"https:\/\/barsakan.com\/wp-content\/uploads\/2025\/03\/cafe2.jpg\" class=\"attachment-full size-full wp-image-151\" alt=\"\" srcset=\"https:\/\/barsakan.com\/wp-content\/uploads\/2025\/03\/cafe2.jpg 1500w, https:\/\/barsakan.com\/wp-content\/uploads\/2025\/03\/cafe2-300x200.jpg 300w, https:\/\/barsakan.com\/wp-content\/uploads\/2025\/03\/cafe2-1024x683.jpg 1024w, https:\/\/barsakan.com\/wp-content\/uploads\/2025\/03\/cafe2-768x513.jpg 768w, https:\/\/barsakan.com\/wp-content\/uploads\/2025\/03\/cafe2-18x12.jpg 18w\" sizes=\"(max-width: 1500px) 100vw, 1500px\" \/>\t\t\t\t\t\t\t\t\t\t\t\t\t\t\t<\/div>\n\t\t\t\t<\/div>\n\t\t\t\t<\/div>\n\t\t\t\t\t<\/div>\n\t\t\t\t<\/div>\n\t\t\t\t<\/div>","protected":false},"excerpt":{"rendered":"<p>Nuestros servicios Desayunos Tradicionales: Comienza tu d\u00eda con energ\u00eda con nuestros desayunos completos, que incluyen caf\u00e9 reci\u00e9n hecho, tostadas, zumos naturales y opciones dulces o saladas. Aperitivos y tapas:\u00a0Disfruta de una amplia variedad de aperitivos y tapas, preparados con ingredientes frescos y el toque especial de nuestra casa. Perfectos para compartir en buena compa\u00f1\u00eda. Bebidas [&hellip;]<\/p>\n","protected":false},"author":1,"featured_media":0,"parent":0,"menu_order":0,"comment_status":"closed","ping_status":"closed","template":"elementor_canvas","meta":{"footnotes":""},"class_list":["post-17","page","type-page","status-publish","hentry"],"yoast_head":"<!-- This site is optimized with the Yoast SEO plugin v27.3 - https:\/\/yoast.com\/product\/yoast-seo-wordpress\/ -->\n<title>Servicios - Bar cafeteria Sakan<\/title>\n<meta name=\"robots\" content=\"index, follow, max-snippet:-1, max-image-preview:large, max-video-preview:-1\" \/>\n<link rel=\"canonical\" href=\"https:\/\/barsakan.com\/en\/servicios\/\" \/>\n<meta property=\"og:locale\" content=\"en_US\" \/>\n<meta property=\"og:type\" content=\"article\" \/>\n<meta property=\"og:title\" content=\"Servicios - Bar cafeteria Sakan\" \/>\n<meta property=\"og:description\" content=\"Nuestros servicios Desayunos Tradicionales: Comienza tu d\u00eda con energ\u00eda con nuestros desayunos completos, que incluyen caf\u00e9 reci\u00e9n hecho, tostadas, zumos naturales y opciones dulces o saladas. Aperitivos y tapas:\u00a0Disfruta de una amplia variedad de aperitivos y tapas, preparados con ingredientes frescos y el toque especial de nuestra casa. Perfectos para compartir en buena compa\u00f1\u00eda. Bebidas [&hellip;]\" \/>\n<meta property=\"og:url\" content=\"https:\/\/barsakan.com\/en\/servicios\/\" \/>\n<meta property=\"og:site_name\" content=\"Bar cafeteria Sakan\" \/>\n<meta property=\"article:modified_time\" content=\"2025-03-17T16:06:17+00:00\" \/>\n<meta property=\"og:image\" content=\"https:\/\/barsakan.com\/wp-content\/uploads\/2025\/03\/croissants.jpg\" \/>\n<meta name=\"twitter:card\" content=\"summary_large_image\" \/>\n<meta name=\"twitter:label1\" content=\"Est. reading time\" \/>\n\t<meta name=\"twitter:data1\" content=\"2 minutes\" \/>\n<script type=\"application\/ld+json\" class=\"yoast-schema-graph\">{\"@context\":\"https:\\\/\\\/schema.org\",\"@graph\":[{\"@type\":\"WebPage\",\"@id\":\"https:\\\/\\\/barsakan.com\\\/servicios\\\/\",\"url\":\"https:\\\/\\\/barsakan.com\\\/servicios\\\/\",\"name\":\"Servicios - Bar cafeteria Sakan\",\"isPartOf\":{\"@id\":\"https:\\\/\\\/barsakan.com\\\/#website\"},\"primaryImageOfPage\":{\"@id\":\"https:\\\/\\\/barsakan.com\\\/servicios\\\/#primaryimage\"},\"image\":{\"@id\":\"https:\\\/\\\/barsakan.com\\\/servicios\\\/#primaryimage\"},\"thumbnailUrl\":\"https:\\\/\\\/barsakan.com\\\/wp-content\\\/uploads\\\/2025\\\/03\\\/croissants.jpg\",\"datePublished\":\"2025-03-17T11:32:46+00:00\",\"dateModified\":\"2025-03-17T16:06:17+00:00\",\"breadcrumb\":{\"@id\":\"https:\\\/\\\/barsakan.com\\\/servicios\\\/#breadcrumb\"},\"inLanguage\":\"en-US\",\"potentialAction\":[{\"@type\":\"ReadAction\",\"target\":[\"https:\\\/\\\/barsakan.com\\\/servicios\\\/\"]}]},{\"@type\":\"ImageObject\",\"inLanguage\":\"en-US\",\"@id\":\"https:\\\/\\\/barsakan.com\\\/servicios\\\/#primaryimage\",\"url\":\"https:\\\/\\\/barsakan.com\\\/wp-content\\\/uploads\\\/2025\\\/03\\\/croissants.jpg\",\"contentUrl\":\"https:\\\/\\\/barsakan.com\\\/wp-content\\\/uploads\\\/2025\\\/03\\\/croissants.jpg\"},{\"@type\":\"BreadcrumbList\",\"@id\":\"https:\\\/\\\/barsakan.com\\\/servicios\\\/#breadcrumb\",\"itemListElement\":[{\"@type\":\"ListItem\",\"position\":1,\"name\":\"Portada\",\"item\":\"https:\\\/\\\/barsakan.com\\\/\"},{\"@type\":\"ListItem\",\"position\":2,\"name\":\"Servicios\"}]},{\"@type\":\"WebSite\",\"@id\":\"https:\\\/\\\/barsakan.com\\\/#website\",\"url\":\"https:\\\/\\\/barsakan.com\\\/\",\"name\":\"Bar cafeteria Sakan\",\"description\":\"\",\"potentialAction\":[{\"@type\":\"SearchAction\",\"target\":{\"@type\":\"EntryPoint\",\"urlTemplate\":\"https:\\\/\\\/barsakan.com\\\/?s={search_term_string}\"},\"query-input\":{\"@type\":\"PropertyValueSpecification\",\"valueRequired\":true,\"valueName\":\"search_term_string\"}}],\"inLanguage\":\"en-US\"}]}<\/script>\n<!-- \/ Yoast SEO plugin. -->","yoast_head_json":{"title":"Servicios - Bar cafeteria Sakan","robots":{"index":"index","follow":"follow","max-snippet":"max-snippet:-1","max-image-preview":"max-image-preview:large","max-video-preview":"max-video-preview:-1"},"canonical":"https:\/\/barsakan.com\/en\/servicios\/","og_locale":"en_US","og_type":"article","og_title":"Servicios - Bar cafeteria Sakan","og_description":"Nuestros servicios Desayunos Tradicionales: Comienza tu d\u00eda con energ\u00eda con nuestros desayunos completos, que incluyen caf\u00e9 reci\u00e9n hecho, tostadas, zumos naturales y opciones dulces o saladas. Aperitivos y tapas:\u00a0Disfruta de una amplia variedad de aperitivos y tapas, preparados con ingredientes frescos y el toque especial de nuestra casa. Perfectos para compartir en buena compa\u00f1\u00eda. Bebidas [&hellip;]","og_url":"https:\/\/barsakan.com\/en\/servicios\/","og_site_name":"Bar cafeteria Sakan","article_modified_time":"2025-03-17T16:06:17+00:00","og_image":[{"url":"https:\/\/barsakan.com\/wp-content\/uploads\/2025\/03\/croissants.jpg","type":"","width":"","height":""}],"twitter_card":"summary_large_image","twitter_misc":{"Est. reading time":"2 minutes"},"schema":{"@context":"https:\/\/schema.org","@graph":[{"@type":"WebPage","@id":"https:\/\/barsakan.com\/servicios\/","url":"https:\/\/barsakan.com\/servicios\/","name":"Servicios - Bar cafeteria Sakan","isPartOf":{"@id":"https:\/\/barsakan.com\/#website"},"primaryImageOfPage":{"@id":"https:\/\/barsakan.com\/servicios\/#primaryimage"},"image":{"@id":"https:\/\/barsakan.com\/servicios\/#primaryimage"},"thumbnailUrl":"https:\/\/barsakan.com\/wp-content\/uploads\/2025\/03\/croissants.jpg","datePublished":"2025-03-17T11:32:46+00:00","dateModified":"2025-03-17T16:06:17+00:00","breadcrumb":{"@id":"https:\/\/barsakan.com\/servicios\/#breadcrumb"},"inLanguage":"en-US","potentialAction":[{"@type":"ReadAction","target":["https:\/\/barsakan.com\/servicios\/"]}]},{"@type":"ImageObject","inLanguage":"en-US","@id":"https:\/\/barsakan.com\/servicios\/#primaryimage","url":"https:\/\/barsakan.com\/wp-content\/uploads\/2025\/03\/croissants.jpg","contentUrl":"https:\/\/barsakan.com\/wp-content\/uploads\/2025\/03\/croissants.jpg"},{"@type":"BreadcrumbList","@id":"https:\/\/barsakan.com\/servicios\/#breadcrumb","itemListElement":[{"@type":"ListItem","position":1,"name":"Portada","item":"https:\/\/barsakan.com\/"},{"@type":"ListItem","position":2,"name":"Servicios"}]},{"@type":"WebSite","@id":"https:\/\/barsakan.com\/#website","url":"https:\/\/barsakan.com\/","name":"Bar cafeteria Sakan","description":"","potentialAction":[{"@type":"SearchAction","target":{"@type":"EntryPoint","urlTemplate":"https:\/\/barsakan.com\/?s={search_term_string}"},"query-input":{"@type":"PropertyValueSpecification","valueRequired":true,"valueName":"search_term_string"}}],"inLanguage":"en-US"}]}},"_links":{"self":[{"href":"https:\/\/barsakan.com\/en\/wp-json\/wp\/v2\/pages\/17","targetHints":{"allow":["GET"]}}],"collection":[{"href":"https:\/\/barsakan.com\/en\/wp-json\/wp\/v2\/pages"}],"about":[{"href":"https:\/\/barsakan.com\/en\/wp-json\/wp\/v2\/types\/page"}],"author":[{"embeddable":true,"href":"https:\/\/barsakan.com\/en\/wp-json\/wp\/v2\/users\/1"}],"replies":[{"embeddable":true,"href":"https:\/\/barsakan.com\/en\/wp-json\/wp\/v2\/comments?post=17"}],"version-history":[{"count":58,"href":"https:\/\/barsakan.com\/en\/wp-json\/wp\/v2\/pages\/17\/revisions"}],"predecessor-version":[{"id":252,"href":"https:\/\/barsakan.com\/en\/wp-json\/wp\/v2\/pages\/17\/revisions\/252"}],"wp:attachment":[{"href":"https:\/\/barsakan.com\/en\/wp-json\/wp\/v2\/media?parent=17"}],"curies":[{"name":"wp","href":"https:\/\/api.w.org\/{rel}","templated":true}]}}